{"id":87,"date":"2018-05-11T10:01:55","date_gmt":"2018-05-11T10:01:55","guid":{"rendered":"http:\/\/bip.zwikbystrzyca.pl\/?page_id=87"},"modified":"2025-06-18T08:02:05","modified_gmt":"2025-06-18T08:02:05","slug":"taryfa-2017-2018","status":"publish","type":"page","link":"http:\/\/bip.zwikbystrzyca.pl\/?page_id=87","title":{"rendered":"Taryfa"},"content":{"rendered":"<p style=\"text-align: center;\">W zwi\u0105zku z og\u0142oszeniem w dniu 23 czerwca 2023 r. przez Dyrektora Regionalnego Zarz\u0105du Gospodarki Wodnej we Wroc\u0142awiu Pa\u0144stwowego Gospodarstwa Wodnego Wody Polskie TARYFY DLA ZBIOROWEGO ZAOPATRZENIA W WOD\u0118 I ZBIOROWEGO ODPROWADZANIA \u015aCIEK\u00d3W na terenie Gminy Bystrzyca K\u0142odzka na okres 3 lat, ZWiK w Bystrzycy K\u0142odzkiej Sp. z o.o. zgodnie z art. 24e ust. 3 Ustawy z dnia 7 czerwca 2001 r. o zbiorowym zaopatrzeniu w wod\u0119 i zbiorowym odprowadzaniu \u015bciek\u00f3w (Dz.U. 2020.2028 t.j.) og\u0142asza na stronie internetowej taryf\u0119.<\/p>\n<p style=\"text-align: center;\">Nowa Taryfa wchodzi w \u017cycie po up\u0142ywie 7 dni od dnia og\u0142oszenia, tj. od dnia 01 lipca 2023 r.<\/p>\n<p style=\"text-align: center;\">Zgodnie z decyzj\u0105 Dyrektora Regionalnego Zarz\u0105du Gospodarki Wodnej we Wroc\u0142awiu nr WR.RZT.70.81.2023 z dnia 19.06.2023 r.<br \/>\nulega skr\u00f3ceniu okres obowi\u0105zywania dotychczasowej taryfy zatwierdzonej decyzj\u0105 Dyrektora Regionalnego Zarz\u0105du<br \/>\nGospodarki Wodnej we Wroc\u0142awiu z dnia 08.03.2022 r., znak sprawy WR.RZT.70.241.2021.<\/p>\n<p>&nbsp;<\/p>\n<p style=\"text-align: center;\"><strong>DECYZJA<\/strong><br \/>\n<strong>o zatwierdzeniu taryfy dla zbiorowego zaopatrzenia w wod\u0119 i zbiorowego odprowadzania \u015bciek\u00f3w<\/strong><br \/>\n<strong>na terenie Gminy Bystrzyca K\u0142odzka na lata 2023 \u2013 2026<\/strong><\/p>\n<p style=\"text-align: center;\"><a href=\"https:\/\/zwikbystrzyca.pl\/wp-content\/uploads\/2023\/06\/decyzja_wr.rzt_.70.81.2023.pdf\"><strong><span style=\"color: #800000;\">ZOBACZ<\/span><\/strong><\/a><\/p>\n<p style=\"text-align: center;\"><strong>Wyci\u0105g z decyzji<br \/>\no zatwierdzeniu taryfy dla zbiorowego zaopatrzenia w wod\u0119 i zbiorowego odprowadzania \u015bciek\u00f3w<\/strong><br \/>\n<strong>na terenie Gminy Bystrzyca K\u0142odzka na lata 2023 \u2013 2026<br \/>\nze zaktualizowanymi terminami obowi\u0105zywania<\/strong><\/p>\n<p style=\"text-align: center;\"><a href=\"https:\/\/zwikbystrzyca.pl\/wp-content\/uploads\/2023\/06\/wyciag_taryfa.pdf\"><strong><span style=\"color: #800000;\">ZOBACZ<\/span><\/strong><\/a><\/p>\n<p>&nbsp;<\/p>\n<p style=\"text-align: center;\"><strong>Stawki cen dla dostawy wody i odprowadzania \u015bciek\u00f3w <\/strong><\/p>\n<p style=\"text-align: center;\"><strong>w okresie 01.07.2024 \u2013 30.06.2025<\/strong><\/p>\n<p style=\"text-align: center;\"><a href=\"https:\/\/zwikbystrzyca.pl\/wp-content\/uploads\/2024\/06\/taryfa2024.pdf\"><span style=\"color: #800000;\">ZOBACZ<\/span><\/a><\/p>\n<h6 style=\"text-align: center;\"><\/h6>\n<h3 style=\"text-align: center;\"><strong>Stawki cen dla dostawy wody i odprowadzania \u015bciek\u00f3w <\/strong><\/h3>\n<h3 style=\"text-align: center;\"><strong>w okresie 01.07.2025 \u2013 30.06.2026<\/strong><\/h3>\n<h3 style=\"text-align: center;\"><a href=\"https:\/\/zwikbystrzyca.pl\/wp-content\/uploads\/2025\/06\/taryfa2025.pdf\"><span style=\"color: #800000;\">ZOBACZ<\/span><\/a><\/h3>\n<h5 style=\"text-align: center;\"><\/h5>\n<h6 style=\"text-align: center;\"><\/h6>\n<p style=\"text-align: center;\">\n<p style=\"text-align: center;\">\n<div class=\"entry-content\">\n<hr \/>\n<\/div>\n","protected":false},"excerpt":{"rendered":"<p>W zwi\u0105zku z og\u0142oszeniem w dniu 23 czerwca 2023 r. przez Dyrektora Regionalnego Zarz\u0105du Gospodarki Wodnej we Wroc\u0142awiu Pa\u0144stwowego Gospodarstwa Wodnego Wody Polskie TARYFY DLA ZBIOROWEGO ZAOPATRZENIA W WOD\u0118 I ZBIOROWEGO ODPROWADZANIA \u015aCIEK\u00d3W na terenie Gminy Bystrzyca K\u0142odzka na okres 3 lat, ZWiK w Bystrzycy K\u0142odzkiej Sp. z o.o. zgodnie z art. 24e ust. 3 &hellip; <a href=\"http:\/\/bip.zwikbystrzyca.pl\/?page_id=87\" class=\"more-link\">Czytaj dalej <span class=\"screen-reader-text\">Taryfa<\/span><\/a><\/p>\n","protected":false},"author":1,"featured_media":0,"parent":0,"menu_order":0,"comment_status":"closed","ping_status":"closed","template":"","meta":{"_lmt_disableupdate":"no","_lmt_disable":"no","footnotes":""},"class_list":["post-87","page","type-page","status-publish","hentry"],"_links":{"self":[{"href":"http:\/\/bip.zwikbystrzyca.pl\/index.php?rest_route=\/wp\/v2\/pages\/87","targetHints":{"allow":["GET"]}}],"collection":[{"href":"http:\/\/bip.zwikbystrzyca.pl\/index.php?rest_route=\/wp\/v2\/pages"}],"about":[{"href":"http:\/\/bip.zwikbystrzyca.pl\/index.php?rest_route=\/wp\/v2\/types\/page"}],"author":[{"embeddable":true,"href":"http:\/\/bip.zwikbystrzyca.pl\/index.php?rest_route=\/wp\/v2\/users\/1"}],"replies":[{"embeddable":true,"href":"http:\/\/bip.zwikbystrzyca.pl\/index.php?rest_route=%2Fwp%2Fv2%2Fcomments&post=87"}],"version-history":[{"count":21,"href":"http:\/\/bip.zwikbystrzyca.pl\/index.php?rest_route=\/wp\/v2\/pages\/87\/revisions"}],"predecessor-version":[{"id":646,"href":"http:\/\/bip.zwikbystrzyca.pl\/index.php?rest_route=\/wp\/v2\/pages\/87\/revisions\/646"}],"wp:attachment":[{"href":"http:\/\/bip.zwikbystrzyca.pl\/index.php?rest_route=%2Fwp%2Fv2%2Fmedia&parent=87"}],"curies":[{"name":"wp","href":"https:\/\/api.w.org\/{rel}","templated":true}]}}