{"id":654,"date":"2025-12-15T11:27:04","date_gmt":"2025-12-15T11:27:04","guid":{"rendered":"http:\/\/bip.zwikbystrzyca.pl\/?page_id=654"},"modified":"2026-02-17T11:52:38","modified_gmt":"2026-02-17T11:52:38","slug":"osady-sciekowe-2025","status":"publish","type":"page","link":"http:\/\/bip.zwikbystrzyca.pl\/?page_id=654","title":{"rendered":"Osady \u015aciekowe 2025"},"content":{"rendered":"<div class=\"entry-content\">\n<div class=\"entry-content\">\n<p style=\"text-align: right;\"><span style=\"color: #ff0000;\">17.02.2026 r.<\/span><\/p>\n<p style=\"text-align: center;\"><strong>ODBI\u00d3R, TRANSPORT I ZAGOSPODAROWANIE KOMUNALNYCH OSAD\u00d3W \u015aCIEKOWYCH<br \/>\nZ OCZYSZCZALNI \u015aCIEK\u00d3W W BYSTRZYCY K\u0141ODZKIEJ<\/strong><\/p>\n<p style=\"text-align: center;\"><a href=\"https:\/\/zwikbystrzyca.pl\/wp-content\/uploads\/2026\/02\/wynik-postepowania.pdf\"><span style=\"color: #800000;\">OG\u0141OSZENIE O WYNIKU POST\u0118POWANIA<\/span><\/a><\/p>\n<p style=\"text-align: center;\">\n<hr \/>\n<p style=\"text-align: right;\"><span style=\"color: #ff0000;\">12.01.2026\u00a0r.<\/span><\/p>\n<p style=\"text-align: center;\"><strong>ODBI\u00d3R, TRANSPORT I ZAGOSPODAROWANIE KOMUNALNYCH OSAD\u00d3W \u015aCIEKOWYCH<br \/>\nZ OCZYSZCZALNI \u015aCIEK\u00d3W W BYSTRZYCY K\u0141ODZKIEJ<\/strong><\/p>\n<p style=\"text-align: center;\"><a href=\"https:\/\/serwer1880945.home.pl\/pliki\/osady2025\/inf_wybor_oferty.pdf\"><span style=\"color: #800000;\">INFORMACJA O WYBORZE OFERTY<\/span><\/a><\/p>\n<p>&nbsp;<\/p>\n<hr \/>\n<p style=\"text-align: right;\"><span style=\"color: #ff0000;\">29.12.2025 r.<\/span><\/p>\n<p style=\"text-align: center;\"><strong>ODBI\u00d3R, TRANSPORT I ZAGOSPODAROWANIE KOMUNALNYCH OSAD\u00d3W \u015aCIEKOWYCH<br \/>\nZ OCZYSZCZALNI \u015aCIEK\u00d3W W BYSTRZYCY K\u0141ODZKIEJ<\/strong><\/p>\n<p style=\"text-align: center;\"><a href=\"https:\/\/serwer1880945.home.pl\/pliki\/osady2025\/kwota_na_sfinansowanie.pdf\"><span style=\"color: #800000;\">KWOTA PRZEZNACZONA NA SFINANSOWANIE<\/span><\/a><\/p>\n<p style=\"text-align: center;\"><span style=\"color: #800000;\"><a style=\"color: #800000;\" href=\"https:\/\/serwer1880945.home.pl\/pliki\/osady2025\/informacja_z_otwarcia_ofert.pdf\">INFORMACJA Z OTWARCIA OFERT<\/a><\/span><\/p>\n<hr \/>\n<p style=\"text-align: right;\"><span style=\"color: #ff0000;\">17.12.2025 r.<\/span><\/p>\n<p style=\"text-align: center;\"><strong>ODBI\u00d3R, TRANSPORT I ZAGOSPODAROWANIE KOMUNALNYCH OSAD\u00d3W \u015aCIEKOWYCH<br \/>\nZ OCZYSZCZALNI \u015aCIEK\u00d3W W BYSTRZYCY K\u0141ODZKIEJ<\/strong><\/p>\n<p style=\"text-align: center;\"><a href=\"https:\/\/serwer1880945.home.pl\/pliki\/osady2025\/pytaniaiodpowiedzi17122025.pdf\"><span style=\"color: #800000;\">ODPOWIEDZI NA PYTANIA Z DNIA 17.12.2025<\/span><\/a><\/p>\n<hr \/>\n<p style=\"text-align: right;\"><span style=\"color: #ff0000;\">15.12.2025 r.<\/span><\/p>\n<p style=\"text-align: center;\"><strong>ODBI\u00d3R, TRANSPORT I ZAGOSPODAROWANIE KOMUNALNYCH OSAD\u00d3W \u015aCIEKOWYCH<br \/>\nZ OCZYSZCZALNI \u015aCIEK\u00d3W W BYSTRZYCY K\u0141ODZKIEJ<\/strong><\/p>\n<p style=\"text-align: center;\"><a href=\"https:\/\/serwer1880945.home.pl\/pliki\/osady2025\/ogloszenie_o_zamowieniu.pdf\"><span style=\"color: #800000;\">OG\u0141OSZENIE O ZAM\u00d3WIENIU<\/span><\/a><\/p>\n<p style=\"text-align: center;\"><span style=\"color: #800000;\"><a style=\"color: #800000;\" href=\"https:\/\/serwer1880945.home.pl\/pliki\/osady2025\/swz.pdf\">SWZ<\/a><\/span><\/p>\n<p style=\"text-align: center;\"><span style=\"color: #800000;\"><a style=\"color: #800000;\" href=\"https:\/\/serwer1880945.home.pl\/pliki\/osady\/2025\/formularz_ofertowy.docx\">FORMULARZ OFERTOWY (zal. nr 1)<\/a><\/span><\/p>\n<p style=\"text-align: center;\"><span style=\"color: #800000;\"><a style=\"color: #800000;\" href=\"https:\/\/serwer1880945.home.pl\/pliki\/osady2025\/oswiadczeniezal2.docx\">O\u015aWIADCZENIE (zal. nr 2)<\/a><\/span><\/p>\n<p style=\"text-align: center;\"><span style=\"color: #800000;\"><a style=\"color: #800000;\" href=\"https:\/\/serwer1880945.home.pl\/pliki\/osady2025\/wykaz_uslug.docx\">WYKAZ US\u0141UG (zal. nr 3)<\/a><\/span><\/p>\n<p style=\"text-align: center;\"><span style=\"color: #800000;\"><a style=\"color: #800000;\" href=\"https:\/\/serwer1880945.home.pl\/pliki\/osady2025\/wykaz_sprzetu.docx\">WYKAZ SPRZ\u0118TU (zal. nr 4)<\/a><\/span><\/p>\n<p style=\"text-align: center;\"><span style=\"color: #800000;\"><a style=\"color: #800000;\" href=\"https:\/\/serwer1880945.home.pl\/pliki\/osady2025\/wzor_zobowiazania.docx\">WZ\u00d3R ZOBOWI\u0104ZANIA (zal. nr 5)<\/a><\/span><\/p>\n<p style=\"text-align: center;\"><span style=\"color: #800000;\"><a style=\"color: #800000;\" href=\"https:\/\/serwer1880945.home.pl\/pliki\/osady2025\/umowa.doc\">UMOWA (zal. nr 6)<\/a><\/span><\/p>\n<p style=\"text-align: center;\"><span style=\"color: #800000;\"><a style=\"color: #800000;\" href=\"https:\/\/serwer1880945.home.pl\/pliki\/osady2025\/zal1doumowy.docx\">OPIS SPOSOBU ZAGOSPODAROWANIA (zal. nr 1 do umowy)<\/a><\/span><\/p>\n<p style=\"text-align: center;\"><span style=\"color: #800000;\"><a style=\"color: #800000;\" href=\"https:\/\/serwer1880945.home.pl\/pliki\/osady2025\/sprawozdanie.pdf\">SPRAWOZDANIE<\/a><\/span><\/p>\n<p style=\"text-align: center;\"><strong>Adres strony internetowej prowadzonego post\u0119powania:<\/strong><\/p>\n<p style=\"text-align: center;\"><a href=\"https:\/\/ezamowienia.gov.pl\/mp-client\/tenders\/ocds-148610-51e2f88b-fdb8-4e8c-b735-ae0c04dace1a\"><span style=\"color: #800000;\">https:\/\/ezamowienia.gov.pl\/mp-client\/search\/list\/ocds-148610-1abad71c-84ba-4664-9ae9-b1db940d16ab<\/span><\/a><\/p>\n<\/div>\n<\/div>\n","protected":false},"excerpt":{"rendered":"<p>17.02.2026 r. ODBI\u00d3R, TRANSPORT I ZAGOSPODAROWANIE KOMUNALNYCH OSAD\u00d3W \u015aCIEKOWYCH Z OCZYSZCZALNI \u015aCIEK\u00d3W W BYSTRZYCY K\u0141ODZKIEJ OG\u0141OSZENIE O WYNIKU POST\u0118POWANIA 12.01.2026\u00a0r. ODBI\u00d3R, TRANSPORT I ZAGOSPODAROWANIE KOMUNALNYCH OSAD\u00d3W \u015aCIEKOWYCH Z OCZYSZCZALNI \u015aCIEK\u00d3W W BYSTRZYCY K\u0141ODZKIEJ INFORMACJA O WYBORZE OFERTY &nbsp; 29.12.2025 r. ODBI\u00d3R, TRANSPORT I ZAGOSPODAROWANIE KOMUNALNYCH OSAD\u00d3W \u015aCIEKOWYCH Z OCZYSZCZALNI \u015aCIEK\u00d3W W BYSTRZYCY K\u0141ODZKIEJ KWOTA PRZEZNACZONA &hellip; <a href=\"http:\/\/bip.zwikbystrzyca.pl\/?page_id=654\" class=\"more-link\">Czytaj dalej <span class=\"screen-reader-text\">Osady \u015aciekowe 2025<\/span><\/a><\/p>\n","protected":false},"author":1,"featured_media":0,"parent":379,"menu_order":1,"comment_status":"closed","ping_status":"closed","template":"","meta":{"_lmt_disableupdate":"no","_lmt_disable":"no","footnotes":""},"class_list":["post-654","page","type-page","status-publish","hentry"],"_links":{"self":[{"href":"http:\/\/bip.zwikbystrzyca.pl\/index.php?rest_route=\/wp\/v2\/pages\/654","targetHints":{"allow":["GET"]}}],"collection":[{"href":"http:\/\/bip.zwikbystrzyca.pl\/index.php?rest_route=\/wp\/v2\/pages"}],"about":[{"href":"http:\/\/bip.zwikbystrzyca.pl\/index.php?rest_route=\/wp\/v2\/types\/page"}],"author":[{"embeddable":true,"href":"http:\/\/bip.zwikbystrzyca.pl\/index.php?rest_route=\/wp\/v2\/users\/1"}],"replies":[{"embeddable":true,"href":"http:\/\/bip.zwikbystrzyca.pl\/index.php?rest_route=%2Fwp%2Fv2%2Fcomments&post=654"}],"version-history":[{"count":8,"href":"http:\/\/bip.zwikbystrzyca.pl\/index.php?rest_route=\/wp\/v2\/pages\/654\/revisions"}],"predecessor-version":[{"id":670,"href":"http:\/\/bip.zwikbystrzyca.pl\/index.php?rest_route=\/wp\/v2\/pages\/654\/revisions\/670"}],"up":[{"embeddable":true,"href":"http:\/\/bip.zwikbystrzyca.pl\/index.php?rest_route=\/wp\/v2\/pages\/379"}],"wp:attachment":[{"href":"http:\/\/bip.zwikbystrzyca.pl\/index.php?rest_route=%2Fwp%2Fv2%2Fmedia&parent=654"}],"curies":[{"name":"wp","href":"https:\/\/api.w.org\/{rel}","templated":true}]}}