{"id":61,"date":"2018-05-09T11:31:57","date_gmt":"2018-05-09T11:31:57","guid":{"rendered":"http:\/\/bip.zwikbystrzyca.pl\/?page_id=61"},"modified":"2018-05-09T11:45:45","modified_gmt":"2018-05-09T11:45:45","slug":"osoby-funkcyjne-i-ich-kompetencje","status":"publish","type":"page","link":"http:\/\/bip.zwikbystrzyca.pl\/?page_id=61","title":{"rendered":"Osoby funkcyjne i ich kompetencje"},"content":{"rendered":"\n<table id=\"tablepress-1\" class=\"tablepress tablepress-id-1\">\n<thead>\n<tr class=\"row-1\">\n\t<th class=\"column-1\">STANOWISKO<\/th><th class=\"column-2\">IMI\u0118 I NAZWISKO<\/th>\n<\/tr>\n<\/thead>\n<tbody class=\"row-hover\">\n<tr class=\"row-2\">\n\t<td class=\"column-1\">Prezes Zarz\u0105du<\/td><td class=\"column-2\">Marta Konieczna-Morawa<\/td>\n<\/tr>\n<tr class=\"row-3\">\n\t<td class=\"column-1\">Prokurent<\/td><td class=\"column-2\">Bronis\u0142aw Kuczek<\/td>\n<\/tr>\n<tr class=\"row-4\">\n\t<td class=\"column-1\">G\u0142\u00f3wna Ksi\u0119gowa<\/td><td class=\"column-2\">Beata G\u00f3\u017ad\u017a<\/td>\n<\/tr>\n<tr class=\"row-5\">\n\t<td class=\"column-1\">Przewodnicz\u0105ca Rady Nadzorczej<\/td><td class=\"column-2\">Danuta Jo\u0144czyk<\/td>\n<\/tr>\n<tr class=\"row-6\">\n\t<td class=\"column-1\">Cz\u0142onek Rady Nadzorczej<\/td><td class=\"column-2\">Agnieszka Jeszkie<\/td>\n<\/tr>\n<tr class=\"row-7\">\n\t<td class=\"column-1\">Cz\u0142onek Rady Nadzorczej<\/td><td class=\"column-2\">Miros\u0142aw Grygier<\/td>\n<\/tr>\n<\/tbody>\n<\/table>\n<!-- #tablepress-1 from cache -->\n","protected":false},"excerpt":{"rendered":"","protected":false},"author":1,"featured_media":0,"parent":14,"menu_order":2,"comment_status":"closed","ping_status":"closed","template":"","meta":{"_lmt_disableupdate":"","_lmt_disable":"","footnotes":""},"class_list":["post-61","page","type-page","status-publish","hentry"],"_links":{"self":[{"href":"http:\/\/bip.zwikbystrzyca.pl\/index.php?rest_route=\/wp\/v2\/pages\/61","targetHints":{"allow":["GET"]}}],"collection":[{"href":"http:\/\/bip.zwikbystrzyca.pl\/index.php?rest_route=\/wp\/v2\/pages"}],"about":[{"href":"http:\/\/bip.zwikbystrzyca.pl\/index.php?rest_route=\/wp\/v2\/types\/page"}],"author":[{"embeddable":true,"href":"http:\/\/bip.zwikbystrzyca.pl\/index.php?rest_route=\/wp\/v2\/users\/1"}],"replies":[{"embeddable":true,"href":"http:\/\/bip.zwikbystrzyca.pl\/index.php?rest_route=%2Fwp%2Fv2%2Fcomments&post=61"}],"version-history":[{"count":2,"href":"http:\/\/bip.zwikbystrzyca.pl\/index.php?rest_route=\/wp\/v2\/pages\/61\/revisions"}],"predecessor-version":[{"id":66,"href":"http:\/\/bip.zwikbystrzyca.pl\/index.php?rest_route=\/wp\/v2\/pages\/61\/revisions\/66"}],"up":[{"embeddable":true,"href":"http:\/\/bip.zwikbystrzyca.pl\/index.php?rest_route=\/wp\/v2\/pages\/14"}],"wp:attachment":[{"href":"http:\/\/bip.zwikbystrzyca.pl\/index.php?rest_route=%2Fwp%2Fv2%2Fmedia&parent=61"}],"curies":[{"name":"wp","href":"https:\/\/api.w.org\/{rel}","templated":true}]}}