{"id":402,"date":"2020-01-13T11:09:03","date_gmt":"2020-01-13T11:09:03","guid":{"rendered":"http:\/\/bip.zwikbystrzyca.pl\/?page_id=402"},"modified":"2025-01-29T11:50:47","modified_gmt":"2025-01-29T11:50:47","slug":"osady-sciekowe","status":"publish","type":"page","link":"http:\/\/bip.zwikbystrzyca.pl\/?page_id=402","title":{"rendered":"Osady \u015bciekowe 2024"},"content":{"rendered":"<p style=\"text-align: right;\"><span style=\"color: #ff0000;\">AKTUALIZACJA 12.04.2024 R.<\/span><\/p>\n<p style=\"text-align: center;\"><strong>ODBI\u00d3R, TRANSPORT I ZAGOSPODAROWANIE KOMUNALNYCH OSAD\u00d3W \u015aCIEKOWYCH<br \/>\nZ OCZYSZCZALNI \u015aCIEK\u00d3W W BYSTRZYCY K\u0141ODZKIEJ<\/strong><\/p>\n<p style=\"text-align: center;\"><a href=\"https:\/\/zwikbystrzyca.pl\/wp-content\/uploads\/2024\/04\/ogLoszenie_o_wyniku_postepowania.pdf\"><span style=\"color: #800000;\">OG\u0141OSZENIE O WYNIKU POST\u0118POWANIA<\/span><\/a><\/p>\n<p>&nbsp;<\/p>\n<div class=\"entry-content\">\n<div class=\"entry-content\">\n<hr \/>\n<p style=\"text-align: right;\"><span style=\"color: #ff0000;\">AKTUALIZACJA 11.03.2024 R.<\/span><\/p>\n<p style=\"text-align: center;\"><strong>ODBI\u00d3R, TRANSPORT I ZAGOSPODAROWANIE KOMUNALNYCH OSAD\u00d3W \u015aCIEKOWYCH<br \/>\nZ OCZYSZCZALNI \u015aCIEK\u00d3W W BYSTRZYCY K\u0141ODZKIEJ<\/strong><\/p>\n<p style=\"text-align: center;\"><span style=\"color: #800000;\"><a style=\"color: #800000;\" href=\"https:\/\/zwikbystrzyca.pl\/wp-content\/uploads\/2024\/03\/informacjaowyborzeoferty.pdf\">INFORMACJA O WYBORZE OFERTY<\/a><\/span><\/p>\n<p>&nbsp;<\/p>\n<hr \/>\n<p style=\"text-align: right;\"><span style=\"color: #ff0000;\">AKTUALIZACJA 28.02.2024 R.<\/span><\/p>\n<p style=\"text-align: center;\"><strong>ODBI\u00d3R, TRANSPORT I ZAGOSPODAROWANIE KOMUNALNYCH OSAD\u00d3W \u015aCIEKOWYCH<br \/>\nZ OCZYSZCZALNI \u015aCIEK\u00d3W W BYSTRZYCY K\u0141ODZKIEJ<\/strong><\/p>\n<p style=\"text-align: center;\"><span style=\"color: #800000;\"><a style=\"color: #800000;\" href=\"https:\/\/zwikbystrzyca.pl\/wp-content\/uploads\/2024\/02\/Informacja-z-sesji-otwarcia-ofert.pdf\">INFORMACJA Z SESJI OTWARCIA OFERT<\/a><\/span><\/p>\n<p>&nbsp;<\/p>\n<hr \/>\n<p style=\"text-align: right;\"><span style=\"color: #ff0000;\">AKTUALIZACJA 23.02.2024 R.<\/span><\/p>\n<p style=\"text-align: center;\"><strong>ODBI\u00d3R, TRANSPORT I ZAGOSPODAROWANIE KOMUNALNYCH OSAD\u00d3W \u015aCIEKOWYCH<br \/>\nZ OCZYSZCZALNI \u015aCIEK\u00d3W W BYSTRZYCY K\u0141ODZKIEJ<\/strong><\/p>\n<p style=\"text-align: center;\"><a href=\"https:\/\/zwikbystrzyca.pl\/wp-content\/uploads\/2024\/02\/odpowiedzinapytania.pdf\"><span style=\"color: #800000;\">ODPOWIEDZI NA PYTANIA Z DNIA 23.02.2024 R.<\/span><\/a><\/p>\n<hr \/>\n<\/div>\n<\/div>\n<div class=\"entry-content\">\n<div class=\"entry-content\">\n<p>&nbsp;<\/p>\n<p style=\"text-align: right;\"><span style=\"color: #ff0000;\">07.02.2024 r.<\/span><\/p>\n<p style=\"text-align: center;\"><strong>ODBI\u00d3R, TRANSPORT I ZAGOSPODAROWANIE KOMUNALNYCH OSAD\u00d3W \u015aCIEKOWYCH<br \/>\nZ OCZYSZCZALNI \u015aCIEK\u00d3W W BYSTRZYCY K\u0141ODZKIEJ<\/strong><\/p>\n<p style=\"text-align: center;\"><a href=\"https:\/\/serwer1880945.home.pl\/pliki\/osady\/2024\/ogloszenieozamowieniu2024.pdf\"><span style=\"color: #993300;\">OG\u0141OSZENIE O ZAM\u00d3WIENIU<\/span><\/a><\/p>\n<p style=\"text-align: center;\"><span style=\"color: #993300;\"><a style=\"color: #993300;\" href=\"https:\/\/serwer1880945.home.pl\/pliki\/osady\/2024\/SWZ-4.pdf\">SWZ<\/a><\/span><\/p>\n<p style=\"text-align: center;\"><span style=\"color: #993300;\"><a style=\"color: #993300;\" href=\"https:\/\/serwer1880945.home.pl\/pliki\/osady\/2024\/formularz_ofertowy-2.docx\">FORMULARZ OFERTOWY (zal. nr 1)<\/a><\/span><\/p>\n<p style=\"text-align: center;\"><span style=\"color: #993300;\"><a style=\"color: #993300;\" href=\"https:\/\/serwer1880945.home.pl\/pliki\/osady\/2024\/oswiadczeniezal2-1.docx\">O\u015aWIADCZENIE (zal. nr 2)<\/a><\/span><\/p>\n<p style=\"text-align: center;\"><span style=\"color: #993300;\"><a style=\"color: #993300;\" href=\"https:\/\/serwer1880945.home.pl\/pliki\/osady\/2024\/wykazuslug.docx\">WYKAZ US\u0141UG (zal. nr 3)<\/a><\/span><\/p>\n<p style=\"text-align: center;\"><span style=\"color: #993300;\"><a style=\"color: #993300;\" href=\"https:\/\/serwer1880945.home.pl\/pliki\/osady\/2024\/wykazsprzetu.docx\">WYKAZ SPRZ\u0118TU (zal. nr 4)<\/a><\/span><\/p>\n<p style=\"text-align: center;\"><span style=\"color: #993300;\"><a style=\"color: #993300;\" href=\"https:\/\/serwer1880945.home.pl\/pliki\/osady\/2024\/wzorzobowiazania.docx\">WZ\u00d3R ZOBOWI\u0104ZANIA (zal. nr 5)<\/a><\/span><\/p>\n<p style=\"text-align: center;\"><span style=\"color: #993300;\"><a style=\"color: #993300;\" href=\"https:\/\/serwer1880945.home.pl\/pliki\/osady\/2024\/umowa.doc\">UMOWA (zal. nr 6)<\/a><\/span><\/p>\n<p style=\"text-align: center;\"><span style=\"color: #993300;\"><a style=\"color: #993300;\" href=\"https:\/\/serwer1880945.home.pl\/pliki\/osady\/2024\/zal1doumowy.docx\">OPIS SPOSOBU ZAGOSPODAROWANIA (zal. nr 1 do umowy)<\/a><\/span><\/p>\n<p style=\"text-align: center;\"><span style=\"color: #993300;\"><a style=\"color: #993300;\" href=\"https:\/\/serwer1880945.home.pl\/pliki\/osady\/2024\/sprawozdanie.pdf\">SPRAWOZDANIE<\/a><\/span><\/p>\n<p style=\"text-align: center;\"><strong>Adres strony internetowej prowadzonego post\u0119powania:<\/strong><\/p>\n<p style=\"text-align: center;\"><a href=\"https:\/\/ezamowienia.gov.pl\/mp-client\/tenders\/ocds-148610-dea1e64f-c5a2-11ee-bbfa-e29e26ebc6e1\"><span style=\"color: #993300;\">https:\/\/ezamowienia.gov.pl\/mp-client\/tenders\/ocds-148610-dea1e64f-c5a2-11ee-bbfa-e29e26ebc6e1<\/span><\/a><\/p>\n<\/div>\n<\/div>\n","protected":false},"excerpt":{"rendered":"<p>AKTUALIZACJA 12.04.2024 R. ODBI\u00d3R, TRANSPORT I ZAGOSPODAROWANIE KOMUNALNYCH OSAD\u00d3W \u015aCIEKOWYCH Z OCZYSZCZALNI \u015aCIEK\u00d3W W BYSTRZYCY K\u0141ODZKIEJ OG\u0141OSZENIE O WYNIKU POST\u0118POWANIA &nbsp; AKTUALIZACJA 11.03.2024 R. ODBI\u00d3R, TRANSPORT I ZAGOSPODAROWANIE KOMUNALNYCH OSAD\u00d3W \u015aCIEKOWYCH Z OCZYSZCZALNI \u015aCIEK\u00d3W W BYSTRZYCY K\u0141ODZKIEJ INFORMACJA O WYBORZE OFERTY &nbsp; AKTUALIZACJA 28.02.2024 R. ODBI\u00d3R, TRANSPORT I ZAGOSPODAROWANIE KOMUNALNYCH OSAD\u00d3W \u015aCIEKOWYCH Z OCZYSZCZALNI \u015aCIEK\u00d3W &hellip; <a href=\"http:\/\/bip.zwikbystrzyca.pl\/?page_id=402\" class=\"more-link\">Czytaj dalej <span class=\"screen-reader-text\">Osady \u015bciekowe 2024<\/span><\/a><\/p>\n","protected":false},"author":1,"featured_media":0,"parent":379,"menu_order":0,"comment_status":"closed","ping_status":"closed","template":"","meta":{"_lmt_disableupdate":"no","_lmt_disable":"no","footnotes":""},"class_list":["post-402","page","type-page","status-publish","hentry"],"_links":{"self":[{"href":"http:\/\/bip.zwikbystrzyca.pl\/index.php?rest_route=\/wp\/v2\/pages\/402","targetHints":{"allow":["GET"]}}],"collection":[{"href":"http:\/\/bip.zwikbystrzyca.pl\/index.php?rest_route=\/wp\/v2\/pages"}],"about":[{"href":"http:\/\/bip.zwikbystrzyca.pl\/index.php?rest_route=\/wp\/v2\/types\/page"}],"author":[{"embeddable":true,"href":"http:\/\/bip.zwikbystrzyca.pl\/index.php?rest_route=\/wp\/v2\/users\/1"}],"replies":[{"embeddable":true,"href":"http:\/\/bip.zwikbystrzyca.pl\/index.php?rest_route=%2Fwp%2Fv2%2Fcomments&post=402"}],"version-history":[{"count":15,"href":"http:\/\/bip.zwikbystrzyca.pl\/index.php?rest_route=\/wp\/v2\/pages\/402\/revisions"}],"predecessor-version":[{"id":592,"href":"http:\/\/bip.zwikbystrzyca.pl\/index.php?rest_route=\/wp\/v2\/pages\/402\/revisions\/592"}],"up":[{"embeddable":true,"href":"http:\/\/bip.zwikbystrzyca.pl\/index.php?rest_route=\/wp\/v2\/pages\/379"}],"wp:attachment":[{"href":"http:\/\/bip.zwikbystrzyca.pl\/index.php?rest_route=%2Fwp%2Fv2%2Fmedia&parent=402"}],"curies":[{"name":"wp","href":"https:\/\/api.w.org\/{rel}","templated":true}]}}