{"id":26,"date":"2018-05-09T09:27:08","date_gmt":"2018-05-09T09:27:08","guid":{"rendered":"http:\/\/bip.zwikbystrzyca.pl\/?page_id=26"},"modified":"2019-01-23T08:59:35","modified_gmt":"2019-01-23T08:59:35","slug":"przetargi","status":"publish","type":"page","link":"http:\/\/bip.zwikbystrzyca.pl\/?page_id=26","title":{"rendered":"Przetargi"},"content":{"rendered":"<p style=\"text-align: center;\"><span style=\"color: #800000;\"><a style=\"color: #800000;\" href=\"http:\/\/bip.zwikbystrzyca.pl\/?page_id=204\">KONTRAKT 1<\/a><\/span><\/p>\n<p style=\"text-align: center;\"><span style=\"color: #800000;\"><a style=\"color: #800000;\" href=\"http:\/\/bip.zwikbystrzyca.pl\/?page_id=207\">KONTRAKT 2<\/a><\/span><\/p>\n<p style=\"text-align: center;\"><span style=\"color: #800000;\"><a style=\"color: #800000;\" href=\"http:\/\/bip.zwikbystrzyca.pl\/?page_id=210\">KONTRAKT 3<\/a><\/span><\/p>\n<p style=\"text-align: center;\"><span style=\"color: #800000;\"><a style=\"color: #800000;\" href=\"http:\/\/bip.zwikbystrzyca.pl\/?page_id=333\">KONTRAKT 4<\/a><\/span><\/p>\n<p>&nbsp;<\/p>\n<p style=\"text-align: right;\">Zamieszczono: 14.05.2018 r<\/p>\n<p style=\"text-align: right;\">Zamie\u015bci\u0142: <a href=\"http:\/\/bip.zwikbystrzyca.pl\/?page_id=150\">Mariusz G\u0142\u0105ba<\/a><\/p>\n","protected":false},"excerpt":{"rendered":"<p>KONTRAKT 1 KONTRAKT 2 KONTRAKT 3 KONTRAKT 4 &nbsp; Zamieszczono: 14.05.2018 r Zamie\u015bci\u0142: Mariusz G\u0142\u0105ba<\/p>\n","protected":false},"author":1,"featured_media":0,"parent":0,"menu_order":5,"comment_status":"closed","ping_status":"closed","template":"","meta":{"_lmt_disableupdate":"","_lmt_disable":"","footnotes":""},"class_list":["post-26","page","type-page","status-publish","hentry"],"_links":{"self":[{"href":"http:\/\/bip.zwikbystrzyca.pl\/index.php?rest_route=\/wp\/v2\/pages\/26","targetHints":{"allow":["GET"]}}],"collection":[{"href":"http:\/\/bip.zwikbystrzyca.pl\/index.php?rest_route=\/wp\/v2\/pages"}],"about":[{"href":"http:\/\/bip.zwikbystrzyca.pl\/index.php?rest_route=\/wp\/v2\/types\/page"}],"author":[{"embeddable":true,"href":"http:\/\/bip.zwikbystrzyca.pl\/index.php?rest_route=\/wp\/v2\/users\/1"}],"replies":[{"embeddable":true,"href":"http:\/\/bip.zwikbystrzyca.pl\/index.php?rest_route=%2Fwp%2Fv2%2Fcomments&post=26"}],"version-history":[{"count":6,"href":"http:\/\/bip.zwikbystrzyca.pl\/index.php?rest_route=\/wp\/v2\/pages\/26\/revisions"}],"predecessor-version":[{"id":337,"href":"http:\/\/bip.zwikbystrzyca.pl\/index.php?rest_route=\/wp\/v2\/pages\/26\/revisions\/337"}],"wp:attachment":[{"href":"http:\/\/bip.zwikbystrzyca.pl\/index.php?rest_route=%2Fwp%2Fv2%2Fmedia&parent=26"}],"curies":[{"name":"wp","href":"https:\/\/api.w.org\/{rel}","templated":true}]}}