{"id":2,"date":"2016-05-10T03:48:21","date_gmt":"2016-05-10T03:48:21","guid":{"rendered":"http:\/\/bip.zwikbystrzyca.pl\/?page_id=2"},"modified":"2026-01-28T11:05:13","modified_gmt":"2026-01-28T11:05:13","slug":"sample-page","status":"publish","type":"page","link":"http:\/\/bip.zwikbystrzyca.pl\/","title":{"rendered":"Strona g\u0142\u00f3wna"},"content":{"rendered":"<div class=\"html-div xdj266r x11i5rnm xat24cr x1mh8g0r xexx8yu x4uap5 xkhd6sd xsag5q8\" dir=\"auto\">\n<div class=\"html-div xdj266r x11i5rnm xat24cr x1mh8g0r xexx8yu x4uap5 x18d9i69 xkhd6sd\" dir=\"auto\">\n<div class=\"x1pi30zi x1swvt13 x1iorvi4 xjkvuk6\" data-ad-comet-preview=\"message\" data-ad-preview=\"message\">\n<div class=\"xdj266r x11i5rnm xat24cr x1mh8g0r x1vvkbs x126k92a\">\n<div class=\"entry-content\" style=\"text-align: center;\"><strong>INFORMACJA<\/strong><\/p>\n<p style=\"text-align: center;\">ZWiK w Bystrzycy K\u0142odzkiej sp. z o.o. informuje,<\/p>\n<p style=\"text-align: center;\">\u017ce konto bankowe w Banku Santander zostaje zlikwidowane.<\/p>\n<p style=\"text-align: center;\">Prosimy o dokonywanie wp\u0142at jedynie na konto:<\/p>\n<p style=\"text-align: center;\"><strong>83 9523 0001 1000 2056 2000 0001<\/strong><br \/>\n<strong>w Banku Sp\u00f3\u0142dzielczym Oddzia\u0142 w Bystrzycy K\u0142odzkiej.<\/strong><\/p>\n<\/div>\n<\/div>\n<div class=\"x78zum5 xdt5ytf xz62fqu x16ldp7u\">\n<div class=\"xu06os2 x1ok221b\">\n<div dir=\"auto\" style=\"text-align: center;\"><\/div>\n<\/div>\n<\/div>\n<\/div>\n<\/div>\n<\/div>\n<div class=\"entry-content\">\n<div style=\"text-align: center;\">\n<hr \/>\n<p style=\"text-align: center;\"><span style=\"color: #000000;\">INFORMACJE ZWI\u0104ZANE Z RODO<\/span><\/p>\n<p style=\"text-align: center;\"><a href=\"http:\/\/bip.zwikbystrzyca.pl\/?page_id=276\"><span style=\"color: #ff0000;\"><span style=\"color: #993300;\">ZOBACZ<\/span><\/span><\/a><\/p>\n<hr \/>\n<div class=\"entry-content\">\n<p style=\"text-align: center;\"><strong><span style=\"color: #000000;\">INFORMACJA O AWARIACH<\/span><\/strong><\/p>\n<p style=\"text-align: center;\"><span style=\"color: #993300;\"><a style=\"color: #993300;\" href=\"https:\/\/zwikbystrzyca.pl\/wp-content\/uploads\/2018\/11\/informacja_o_awariach.pdf\">ZOBACZ<\/a><\/span><\/p>\n<p style=\"text-align: center;\">\n<\/div>\n<\/div>\n<\/div>\n","protected":false},"excerpt":{"rendered":"<p>INFORMACJA ZWiK w Bystrzycy K\u0142odzkiej sp. z o.o. informuje, \u017ce konto bankowe w Banku Santander zostaje zlikwidowane. Prosimy o dokonywanie wp\u0142at jedynie na konto: 83 9523 0001 1000 2056 2000 0001 w Banku Sp\u00f3\u0142dzielczym Oddzia\u0142 w Bystrzycy K\u0142odzkiej. INFORMACJE ZWI\u0104ZANE Z RODO ZOBACZ INFORMACJA O AWARIACH ZOBACZ<\/p>\n","protected":false},"author":1,"featured_media":0,"parent":0,"menu_order":0,"comment_status":"closed","ping_status":"open","template":"","meta":{"_lmt_disableupdate":"no","_lmt_disable":"no","footnotes":""},"class_list":["post-2","page","type-page","status-publish","hentry"],"_links":{"self":[{"href":"http:\/\/bip.zwikbystrzyca.pl\/index.php?rest_route=\/wp\/v2\/pages\/2","targetHints":{"allow":["GET"]}}],"collection":[{"href":"http:\/\/bip.zwikbystrzyca.pl\/index.php?rest_route=\/wp\/v2\/pages"}],"about":[{"href":"http:\/\/bip.zwikbystrzyca.pl\/index.php?rest_route=\/wp\/v2\/types\/page"}],"author":[{"embeddable":true,"href":"http:\/\/bip.zwikbystrzyca.pl\/index.php?rest_route=\/wp\/v2\/users\/1"}],"replies":[{"embeddable":true,"href":"http:\/\/bip.zwikbystrzyca.pl\/index.php?rest_route=%2Fwp%2Fv2%2Fcomments&post=2"}],"version-history":[{"count":40,"href":"http:\/\/bip.zwikbystrzyca.pl\/index.php?rest_route=\/wp\/v2\/pages\/2\/revisions"}],"predecessor-version":[{"id":668,"href":"http:\/\/bip.zwikbystrzyca.pl\/index.php?rest_route=\/wp\/v2\/pages\/2\/revisions\/668"}],"wp:attachment":[{"href":"http:\/\/bip.zwikbystrzyca.pl\/index.php?rest_route=%2Fwp%2Fv2%2Fmedia&parent=2"}],"curies":[{"name":"wp","href":"https:\/\/api.w.org\/{rel}","templated":true}]}}