{"id":188,"date":"2018-05-14T06:27:24","date_gmt":"2018-05-14T06:27:24","guid":{"rendered":"http:\/\/bip.zwikbystrzyca.pl\/?page_id=188"},"modified":"2018-05-14T06:27:24","modified_gmt":"2018-05-14T06:27:24","slug":"informacja-ws-braku-umowy","status":"publish","type":"page","link":"http:\/\/bip.zwikbystrzyca.pl\/?page_id=188","title":{"rendered":"Informacja ws. braku umowy"},"content":{"rendered":"<div class=\"entry-content\">\n<p style=\"text-align: center;\"><strong>Informacja dla os\u00f3b korzystaj\u0105cych z wody wodoci\u0105gowej <\/strong><br \/>\n<strong>i odprowadzaj\u0105cych \u015bcieki, bez zawartej uprzednio umowy<\/strong><\/p>\n<p style=\"text-align: center;\">Na podstawie <a href=\"https:\/\/zwikbystrzyca.pl\/wp-content\/uploads\/2018\/05\/obwieszczenie_ms.pdf\"><span style=\"color: #800000;\">ustawy o zbiorowym zaopatrzeniu w wod\u0119 i zbiorowym odprowadzeniu \u015bciek\u00f3w<\/span><\/a> z dn.7 czerwca 2001r. z p\u00f3\u017aniejszymi zmianami informujemy, \u017ce przedsi\u0119biorstwo wodoci\u0105gowo-kanalizacyjne mo\u017ce odci\u0105\u0107 dostaw\u0119 wody lub zamkn\u0105\u0107 przy\u0142\u0105cze kanalizacyjne. Ponadto, kto bez uprzedniego zawarcia umowy na dostaw\u0119 wody,\u00a0 pobiera wod\u0119 z urz\u0105dze\u0144 wodoci\u0105gowych, podlega karze grzywny do 5.000 z\u0142.<br \/>\nKarze grzywny podlega tak\u017ce ten, kto\u00a0nie dopuszcza przedstawiciela przedsi\u0119biorstwa wodoci\u0105gowo-kanalizacyjnego do wykonania czynno\u015bci naprawczo-kontrolnych.<\/p>\n<\/div>\n","protected":false},"excerpt":{"rendered":"<p>Informacja dla os\u00f3b korzystaj\u0105cych z wody wodoci\u0105gowej i odprowadzaj\u0105cych \u015bcieki, bez zawartej uprzednio umowy Na podstawie ustawy o zbiorowym zaopatrzeniu w wod\u0119 i zbiorowym odprowadzeniu \u015bciek\u00f3w z dn.7 czerwca 2001r. z p\u00f3\u017aniejszymi zmianami informujemy, \u017ce przedsi\u0119biorstwo wodoci\u0105gowo-kanalizacyjne mo\u017ce odci\u0105\u0107 dostaw\u0119 wody lub zamkn\u0105\u0107 przy\u0142\u0105cze kanalizacyjne. Ponadto, kto bez uprzedniego zawarcia umowy na dostaw\u0119 wody,\u00a0 pobiera &hellip; <a href=\"http:\/\/bip.zwikbystrzyca.pl\/?page_id=188\" class=\"more-link\">Czytaj dalej <span class=\"screen-reader-text\">Informacja ws. braku umowy<\/span><\/a><\/p>\n","protected":false},"author":1,"featured_media":0,"parent":0,"menu_order":0,"comment_status":"closed","ping_status":"closed","template":"","meta":{"_lmt_disableupdate":"","_lmt_disable":"","footnotes":""},"class_list":["post-188","page","type-page","status-publish","hentry"],"_links":{"self":[{"href":"http:\/\/bip.zwikbystrzyca.pl\/index.php?rest_route=\/wp\/v2\/pages\/188","targetHints":{"allow":["GET"]}}],"collection":[{"href":"http:\/\/bip.zwikbystrzyca.pl\/index.php?rest_route=\/wp\/v2\/pages"}],"about":[{"href":"http:\/\/bip.zwikbystrzyca.pl\/index.php?rest_route=\/wp\/v2\/types\/page"}],"author":[{"embeddable":true,"href":"http:\/\/bip.zwikbystrzyca.pl\/index.php?rest_route=\/wp\/v2\/users\/1"}],"replies":[{"embeddable":true,"href":"http:\/\/bip.zwikbystrzyca.pl\/index.php?rest_route=%2Fwp%2Fv2%2Fcomments&post=188"}],"version-history":[{"count":1,"href":"http:\/\/bip.zwikbystrzyca.pl\/index.php?rest_route=\/wp\/v2\/pages\/188\/revisions"}],"predecessor-version":[{"id":189,"href":"http:\/\/bip.zwikbystrzyca.pl\/index.php?rest_route=\/wp\/v2\/pages\/188\/revisions\/189"}],"wp:attachment":[{"href":"http:\/\/bip.zwikbystrzyca.pl\/index.php?rest_route=%2Fwp%2Fv2%2Fmedia&parent=188"}],"curies":[{"name":"wp","href":"https:\/\/api.w.org\/{rel}","templated":true}]}}