{"id":132,"date":"2018-05-11T18:42:50","date_gmt":"2018-05-11T18:42:50","guid":{"rendered":"http:\/\/bip.zwikbystrzyca.pl\/?page_id=132"},"modified":"2018-05-11T18:44:51","modified_gmt":"2018-05-11T18:44:51","slug":"efrr","status":"publish","type":"page","link":"http:\/\/bip.zwikbystrzyca.pl\/?page_id=132","title":{"rendered":"EFRR"},"content":{"rendered":"<p><img loading=\"lazy\" decoding=\"async\" class=\"alignnone wp-image-208 size-full\" src=\"https:\/\/zwikbystrzyca.pl\/wp-content\/uploads\/2018\/05\/logo_cz.jpg\" sizes=\"auto, (max-width: 691px) 100vw, 691px\" srcset=\"https:\/\/zwikbystrzyca.pl\/wp-content\/uploads\/2018\/05\/logo_cz.jpg 691w, https:\/\/zwikbystrzyca.pl\/wp-content\/uploads\/2018\/05\/logo_cz-300x34.jpg 300w, https:\/\/zwikbystrzyca.pl\/wp-content\/uploads\/2018\/05\/logo_cz-685x79.jpg 685w\" alt=\"\" width=\"691\" height=\"79\" \/><\/p>\n<p style=\"text-align: center;\"><strong>Europejski Fundusz Rozwoju Regionalnego, Program Operacyjny Wsp\u00f3\u0142pracy Transgranicznej Republika Czeska \u2013 Rzeczpospolita Polska 2007-2013<\/strong><\/p>\n<p style=\"text-align: center;\">INFORMACJA Z PRZEPROWADZONEGO ZAPYTANIA OFERTOWEGO O WARTO\u015aCI NIEPRZEKRACZAJ\u0104CEJ R\u00d3WNOWARTO\u015a\u0106<br \/>\n30 000 EURO<br \/>\n(INFORMACJA O WYBORZE NAJKORZYSTNIEJSZEJ OFERTY)<\/p>\n<p style=\"text-align: center;\">DOT. ARTYKU\u0141U PROMOCYJNEGO W PRASIE LOKALNEJ<\/p>\n<p style=\"text-align: center;\"><a href=\"https:\/\/zwikbystrzyca.pl\/wp-content\/uploads\/2018\/05\/informacja_reklama.pdf\"><span style=\"color: #800000;\">ZOBACZ<\/span><\/a><\/p>\n","protected":false},"excerpt":{"rendered":"<p>Europejski Fundusz Rozwoju Regionalnego, Program Operacyjny Wsp\u00f3\u0142pracy Transgranicznej Republika Czeska \u2013 Rzeczpospolita Polska 2007-2013 INFORMACJA Z PRZEPROWADZONEGO ZAPYTANIA OFERTOWEGO O WARTO\u015aCI NIEPRZEKRACZAJ\u0104CEJ R\u00d3WNOWARTO\u015a\u0106 30 000 EURO (INFORMACJA O WYBORZE NAJKORZYSTNIEJSZEJ OFERTY) DOT. ARTYKU\u0141U PROMOCYJNEGO W PRASIE LOKALNEJ ZOBACZ<\/p>\n","protected":false},"author":1,"featured_media":0,"parent":0,"menu_order":0,"comment_status":"closed","ping_status":"closed","template":"","meta":{"_lmt_disableupdate":"","_lmt_disable":"","footnotes":""},"class_list":["post-132","page","type-page","status-publish","hentry"],"_links":{"self":[{"href":"http:\/\/bip.zwikbystrzyca.pl\/index.php?rest_route=\/wp\/v2\/pages\/132","targetHints":{"allow":["GET"]}}],"collection":[{"href":"http:\/\/bip.zwikbystrzyca.pl\/index.php?rest_route=\/wp\/v2\/pages"}],"about":[{"href":"http:\/\/bip.zwikbystrzyca.pl\/index.php?rest_route=\/wp\/v2\/types\/page"}],"author":[{"embeddable":true,"href":"http:\/\/bip.zwikbystrzyca.pl\/index.php?rest_route=\/wp\/v2\/users\/1"}],"replies":[{"embeddable":true,"href":"http:\/\/bip.zwikbystrzyca.pl\/index.php?rest_route=%2Fwp%2Fv2%2Fcomments&post=132"}],"version-history":[{"count":3,"href":"http:\/\/bip.zwikbystrzyca.pl\/index.php?rest_route=\/wp\/v2\/pages\/132\/revisions"}],"predecessor-version":[{"id":136,"href":"http:\/\/bip.zwikbystrzyca.pl\/index.php?rest_route=\/wp\/v2\/pages\/132\/revisions\/136"}],"wp:attachment":[{"href":"http:\/\/bip.zwikbystrzyca.pl\/index.php?rest_route=%2Fwp%2Fv2%2Fmedia&parent=132"}],"curies":[{"name":"wp","href":"https:\/\/api.w.org\/{rel}","templated":true}]}}